{"id":655,"date":"2022-08-02T13:39:18","date_gmt":"2022-08-02T11:39:18","guid":{"rendered":"https:\/\/www.indasol.es\/?page_id=655"},"modified":"2022-08-02T13:39:18","modified_gmt":"2022-08-02T11:39:18","slug":"politica-de-calidad","status":"publish","type":"page","link":"https:\/\/www.indasol.es\/en\/quality-policy\/","title":{"rendered":"Quality policy"},"content":{"rendered":"<p>INDASOL integrates all issues related to quality, food safety, social responsibility, and health and safety at work into its management system.<\/p>\n\n\n\n<p>The management of INDASOL has therefore established the following operating principles:<\/p>\n\n\n\n<ul class=\"wp-block-list\"><li>Maximizing customers\u2019 satisfaction, exceeding their expectations and guaranteeing the quality and safety of its products.<\/li><li>The highest quality in the work done, systematizing our processes on an environmentally friendly basis,  minimizing environmental impact and use of natural resources, and thereby achieving sustainability of our company\u2019s activities.<\/li><li>Having the best human and technical resources to ensure INDASOL\u2019s quality levels, as well as complying with the applicable legal requirements.<\/li><li>Ensuring the prevention of fraud in its products.<\/li><li>A preventive approach and constant improvement of the quality system, as well the work done in biological control, traceability, food safety, good social practices, and rational use of water and fertilizers.<\/li><\/ul>\n\n\n\n<p>The company also declares its intention to establish a culture of food safety at every level of the organization.<\/p>\n\n\n\n<p>In this way, INDASOL fulfils its commitments to improvement and its customers\u2019 requirements and ensures its export capacity.<\/p>\n\n\n\n<p>The management of INDASOL, along with the other departments, enforces compliance with this policy by ensuring that it is implemented in all its processes, and thanks all its staff for their daily work devoted to fulfilling this Quality Policy.&nbsp;&nbsp;&nbsp;&nbsp;&nbsp;&nbsp;&nbsp;&nbsp;&nbsp;&nbsp;&nbsp;&nbsp;&nbsp;&nbsp;&nbsp;&nbsp;&nbsp;&nbsp;&nbsp;&nbsp;&nbsp;&nbsp;&nbsp;&nbsp;&nbsp;&nbsp;&nbsp;&nbsp;&nbsp;&nbsp;&nbsp;&nbsp;&nbsp;&nbsp;&nbsp;&nbsp;&nbsp;&nbsp;&nbsp;&nbsp;&nbsp;&nbsp;&nbsp;&nbsp;&nbsp;&nbsp;&nbsp;&nbsp;&nbsp;&nbsp;&nbsp;&nbsp;&nbsp;&nbsp;&nbsp;&nbsp;&nbsp;&nbsp;&nbsp;&nbsp;&nbsp;&nbsp;&nbsp;&nbsp;&nbsp;&nbsp;&nbsp;&nbsp;&nbsp;&nbsp;&nbsp;&nbsp;&nbsp;&nbsp;&nbsp;&nbsp;&nbsp;&nbsp;&nbsp;&nbsp;&nbsp;&nbsp;&nbsp;&nbsp;&nbsp;&nbsp;&nbsp;&nbsp;&nbsp;&nbsp;&nbsp;&nbsp;&nbsp;&nbsp;&nbsp;&nbsp;&nbsp;&nbsp;&nbsp;&nbsp;&nbsp;&nbsp;&nbsp;&nbsp;&nbsp;&nbsp;&nbsp;&nbsp;&nbsp;&nbsp;&nbsp;&nbsp;&nbsp;&nbsp;&nbsp;&nbsp;&nbsp;&nbsp;&nbsp;&nbsp;&nbsp; &nbsp;&nbsp;&nbsp;&nbsp;&nbsp;&nbsp;&nbsp;&nbsp;&nbsp;&nbsp;&nbsp;&nbsp;&nbsp;&nbsp;&nbsp;&nbsp;&nbsp;&nbsp;&nbsp;&nbsp;&nbsp;&nbsp;&nbsp;&nbsp;&nbsp;&nbsp;&nbsp;&nbsp;&nbsp;&nbsp;&nbsp;&nbsp;&nbsp;&nbsp;&nbsp;&nbsp;&nbsp;&nbsp;&nbsp;&nbsp;&nbsp;&nbsp;&nbsp;&nbsp;&nbsp;&nbsp;&nbsp;&nbsp;&nbsp;&nbsp;&nbsp;&nbsp;&nbsp;&nbsp;&nbsp;&nbsp;&nbsp;&nbsp;&nbsp;&nbsp;&nbsp;&nbsp;&nbsp;&nbsp;&nbsp;&nbsp;&nbsp;&nbsp;&nbsp;&nbsp;&nbsp;&nbsp;&nbsp;&nbsp;&nbsp;&nbsp;&nbsp;&nbsp;&nbsp;&nbsp;<\/p>\n\n\n\n<p>The General Management Department<\/p>","protected":false},"excerpt":{"rendered":"<p>INDASOL, integra dentro de su sistema de gesti\u00f3n todos los aspectos relativos a calidad, seguridad alimentaria, responsabilidad social, seguridad y salud en el trabajo. Por ello la direcci\u00f3n de INDASOL, ha determinado los siguientes principios de funcionamiento: Maximizar la satisfacci\u00f3n del cliente, superando sus expectativas, garantizando la calidad, y seguridad de sus productos. M\u00e1xima calidad [&hellip;]<\/p>","protected":false},"author":1,"featured_media":0,"parent":0,"menu_order":0,"comment_status":"closed","ping_status":"closed","template":"","meta":{"footnotes":""},"class_list":["post-655","page","type-page","status-publish","hentry"],"_links":{"self":[{"href":"https:\/\/www.indasol.es\/en\/wp-json\/wp\/v2\/pages\/655","targetHints":{"allow":["GET"]}}],"collection":[{"href":"https:\/\/www.indasol.es\/en\/wp-json\/wp\/v2\/pages"}],"about":[{"href":"https:\/\/www.indasol.es\/en\/wp-json\/wp\/v2\/types\/page"}],"author":[{"embeddable":true,"href":"https:\/\/www.indasol.es\/en\/wp-json\/wp\/v2\/users\/1"}],"replies":[{"embeddable":true,"href":"https:\/\/www.indasol.es\/en\/wp-json\/wp\/v2\/comments?post=655"}],"version-history":[{"count":1,"href":"https:\/\/www.indasol.es\/en\/wp-json\/wp\/v2\/pages\/655\/revisions"}],"predecessor-version":[{"id":656,"href":"https:\/\/www.indasol.es\/en\/wp-json\/wp\/v2\/pages\/655\/revisions\/656"}],"wp:attachment":[{"href":"https:\/\/www.indasol.es\/en\/wp-json\/wp\/v2\/media?parent=655"}],"curies":[{"name":"wp","href":"https:\/\/api.w.org\/{rel}","templated":true}]}}