{"id":549,"date":"2022-07-29T18:34:45","date_gmt":"2022-07-29T16:34:45","guid":{"rendered":"https:\/\/www.indasol.es\/?page_id=549"},"modified":"2022-08-02T13:04:41","modified_gmt":"2022-08-02T11:04:41","slug":"trabaja-con-nosotros","status":"publish","type":"page","link":"https:\/\/www.indasol.es\/en\/trabaja-con-nosotros\/","title":{"rendered":"Work with us"},"content":{"rendered":"<div data-elementor-type=\"wp-page\" data-elementor-id=\"549\" class=\"elementor elementor-549\">\n\t\t\t\t\t\t\t\t\t<section data-particle_enable=\"false\" data-particle-mobile-disabled=\"false\" class=\"elementor-section elementor-top-section elementor-element elementor-element-fc450f7 elementor-section-full_width elementor-reverse-tablet elementor-reverse-mobile elementor-section-height-default elementor-section-height-default elementor-invisible\" data-id=\"fc450f7\" data-element_type=\"section\" data-settings=\"{&quot;animation&quot;:&quot;fadeIn&quot;}\">\n\t\t\t\t\t\t<div class=\"elementor-container elementor-column-gap-default\">\n\t\t\t\t\t<div class=\"elementor-column elementor-col-50 elementor-top-column elementor-element elementor-element-49c038b\" data-id=\"49c038b\" data-element_type=\"column\">\n\t\t\t<div class=\"elementor-widget-wrap elementor-element-populated\">\n\t\t\t\t\t\t\t\t<section data-particle_enable=\"false\" data-particle-mobile-disabled=\"false\" class=\"elementor-section elementor-inner-section elementor-element elementor-element-7e5501b elementor-section-boxed elementor-section-height-default elementor-section-height-default\" data-id=\"7e5501b\" data-element_type=\"section\">\n\t\t\t\t\t\t<div class=\"elementor-container elementor-column-gap-default\">\n\t\t\t\t\t<div class=\"elementor-column elementor-col-100 elementor-inner-column elementor-element elementor-element-1ad8c60\" data-id=\"1ad8c60\" data-element_type=\"column\">\n\t\t\t<div class=\"elementor-widget-wrap elementor-element-populated\">\n\t\t\t\t\t\t\t\t<div class=\"jupiter-tooltip-widget elementor-element elementor-element-a4f00bf nosaltos elementor-widget elementor-widget-heading\" data-jupiter-tooltip-settings=\"{&quot;tooltip&quot;:&quot;false&quot;,&quot;tooltipDescription&quot;:&quot;This is Tooltip!&quot;,&quot;tooltipPlacement&quot;:&quot;top&quot;,&quot;tooltipArrow&quot;:true,&quot;xOffset&quot;:0,&quot;yOffset&quot;:0,&quot;tooltipAnimation&quot;:&quot;fade&quot;,&quot;tooltipTrigger&quot;:&quot;mouseenter&quot;,&quot;zIndex&quot;:999,&quot;customSelector&quot;:&quot;&quot;,&quot;delay&quot;:0}\" data-id=\"a4f00bf\" data-element_type=\"widget\" data-widget_type=\"heading.default\">\n\t\t\t\t<div class=\"elementor-widget-container\">\n\t\t\t<style>\/*! elementor - v3.6.7 - 03-07-2022 *\/\n.elementor-heading-title{padding:0;margin:0;line-height:1}.elementor-widget-heading .elementor-heading-title[class*=elementor-size-]>a{color:inherit;font-size:inherit;line-height:inherit}.elementor-widget-heading .elementor-heading-title.elementor-size-small{font-size:15px}.elementor-widget-heading .elementor-heading-title.elementor-size-medium{font-size:19px}.elementor-widget-heading .elementor-heading-title.elementor-size-large{font-size:29px}.elementor-widget-heading .elementor-heading-title.elementor-size-xl{font-size:39px}.elementor-widget-heading .elementor-heading-title.elementor-size-xxl{font-size:59px}<\/style><h3 class=\"elementor-heading-title elementor-size-default\"><strong>Trabaja<\/strong> con nosotros<\/h3>\t\t<\/div>\n\t\t\t\t<\/div>\n\t\t\t\t<div class=\"jupiter-tooltip-widget elementor-element elementor-element-80e9d75 elementor-widget elementor-widget-shortcode\" data-jupiter-tooltip-settings=\"{&quot;tooltip&quot;:&quot;false&quot;,&quot;tooltipDescription&quot;:&quot;This is Tooltip!&quot;,&quot;tooltipPlacement&quot;:&quot;top&quot;,&quot;tooltipArrow&quot;:true,&quot;xOffset&quot;:0,&quot;yOffset&quot;:0,&quot;tooltipAnimation&quot;:&quot;fade&quot;,&quot;tooltipTrigger&quot;:&quot;mouseenter&quot;,&quot;zIndex&quot;:999,&quot;customSelector&quot;:&quot;&quot;,&quot;delay&quot;:0}\" data-id=\"80e9d75\" data-element_type=\"widget\" data-widget_type=\"shortcode.default\">\n\t\t\t\t<div class=\"elementor-widget-container\">\n\t\t\t\t\t<div class=\"elementor-shortcode\"><script type=\"text\/javascript\">var gform;gform||(document.addEventListener(\"gform_main_scripts_loaded\",function(){gform.scriptsLoaded=!0}),window.addEventListener(\"DOMContentLoaded\",function(){gform.domLoaded=!0}),gform={domLoaded:!1,scriptsLoaded:!1,initializeOnLoaded:function(o){gform.domLoaded&&gform.scriptsLoaded?o():!gform.domLoaded&&gform.scriptsLoaded?window.addEventListener(\"DOMContentLoaded\",o):document.addEventListener(\"gform_main_scripts_loaded\",o)},hooks:{action:{},filter:{}},addAction:function(o,n,r,t){gform.addHook(\"action\",o,n,r,t)},addFilter:function(o,n,r,t){gform.addHook(\"filter\",o,n,r,t)},doAction:function(o){gform.doHook(\"action\",o,arguments)},applyFilters:function(o){return gform.doHook(\"filter\",o,arguments)},removeAction:function(o,n){gform.removeHook(\"action\",o,n)},removeFilter:function(o,n,r){gform.removeHook(\"filter\",o,n,r)},addHook:function(o,n,r,t,i){null==gform.hooks[o][n]&&(gform.hooks[o][n]=[]);var e=gform.hooks[o][n];null==i&&(i=n+\"_\"+e.length),gform.hooks[o][n].push({tag:i,callable:r,priority:t=null==t?10:t})},doHook:function(n,o,r){var t;if(r=Array.prototype.slice.call(r,1),null!=gform.hooks[n][o]&&((o=gform.hooks[n][o]).sort(function(o,n){return o.priority-n.priority}),o.forEach(function(o){\"function\"!=typeof(t=o.callable)&&(t=window[t]),\"action\"==n?t.apply(null,r):r[0]=t.apply(null,r)})),\"filter\"==n)return r[0]},removeHook:function(o,n,t,i){var r;null!=gform.hooks[o][n]&&(r=(r=gform.hooks[o][n]).filter(function(o,n,r){return!!(null!=i&&i!=o.tag||null!=t&&t!=o.priority)}),gform.hooks[o][n]=r)}});<\/script>\n                <div class='gf_browser_gecko gform_wrapper gravity-theme' id='gform_wrapper_1' >\n                        <div class='gform_heading'>\n                            <span class='gform_description'><\/span>\n\t\t\t\t\t\t\t<p class='gform_required_legend'>&quot;<span class=\"gfield_required gfield_required_asterisk\">*<\/span>&quot; indicates required fields<\/p>\n                        <\/div><form method='post' enctype='multipart\/form-data'  id='gform_1'  action='\/en\/wp-json\/wp\/v2\/pages\/549' novalidate data-trp-original-action=\"\/en\/wp-json\/wp\/v2\/pages\/549\">\n                        <div class='gform_body gform-body'><div id='gform_fields_1' class='gform_fields top_label form_sublabel_below description_below'><div id=\"field_1_9\"  class=\"gfield gsection field_sublabel_below field_description_below gfield_visibility_visible\"  data-js-reload=\"field_1_9\"><h3 class=\"gsection_title\">Datos personales<\/h3><\/div><div id=\"field_1_1\"  class=\"gfield gfield--width-half gfield_contains_required field_sublabel_below field_description_below hidden_label gfield_visibility_visible\"  data-js-reload=\"field_1_1\"><label class='gfield_label' for='input_1_1' >Nombre<span class=\"gfield_required\"><span class=\"gfield_required gfield_required_asterisk\">*<\/span><\/span><\/label><div class='ginput_container ginput_container_text'><input name='input_1' id='input_1_1' type='text' value='' class='large'    placeholder='Nombre' aria-required=\"true\" aria-invalid=\"false\"   \/> <\/div><\/div><div id=\"field_1_3\"  class=\"gfield gfield--width-half gfield_contains_required field_sublabel_below field_description_below hidden_label gfield_visibility_visible\"  data-js-reload=\"field_1_3\"><label class='gfield_label' for='input_1_3' >Apellidos<span class=\"gfield_required\"><span class=\"gfield_required gfield_required_asterisk\">*<\/span><\/span><\/label><div class='ginput_container ginput_container_text'><input name='input_3' id='input_1_3' type='text' value='' class='large'    placeholder='Apellidos' aria-required=\"true\" aria-invalid=\"false\"   \/> <\/div><\/div><div id=\"field_1_4\"  class=\"gfield gfield--width-half gfield_contains_required field_sublabel_below field_description_below hidden_label gfield_visibility_visible\"  data-js-reload=\"field_1_4\"><label class='gfield_label' for='input_1_4' >DNI<span class=\"gfield_required\"><span class=\"gfield_required gfield_required_asterisk\">*<\/span><\/span><\/label><div class='ginput_container ginput_container_text'><input name='input_4' id='input_1_4' type='text' value='' class='large'    placeholder='DNI' aria-required=\"true\" aria-invalid=\"false\"   \/> <\/div><\/div><div id=\"field_1_5\"  class=\"gfield gfield--width-half gfield_contains_required field_sublabel_below field_description_below hidden_label gfield_visibility_visible\"  data-js-reload=\"field_1_5\"><label class='gfield_label' for='input_1_5' >Nacionalidad<span class=\"gfield_required\"><span class=\"gfield_required gfield_required_asterisk\">*<\/span><\/span><\/label><div class='ginput_container ginput_container_text'><input name='input_5' id='input_1_5' type='text' value='' class='large'    placeholder='Nacionalidad' aria-required=\"true\" aria-invalid=\"false\"   \/> <\/div><\/div><div id=\"field_1_32\"  class=\"gfield gfield--width-half gfield_contains_required field_sublabel_below field_description_below hidden_label gfield_visibility_visible\"  data-js-reload=\"field_1_32\"><label class='gfield_label' for='input_1_32' >Fecha de nacimiento<span class=\"gfield_required\"><span class=\"gfield_required gfield_required_asterisk\">*<\/span><\/span><\/label><div class='ginput_container ginput_container_date'>\n                            <input name='input_32' id='input_1_32' type='text' value='' class='datepicker dmy datepicker_no_icon gdatepicker-no-icon'   placeholder='Fecha de nacimiento' aria-describedby=\"input_1_32_date_format\" aria-invalid=\"false\" aria-required=\"true\"\/>\n                            <span id='input_1_32_date_format' class='screen-reader-text'>DD slash MM slash YYYY<\/span>\n                        <\/div>\n                        <input type='hidden' id='gforms_calendar_icon_input_1_32' class='gform_hidden' value='https:\/\/www.indasol.es\/wp-content\/plugins\/gravityforms\/images\/datepicker\/datepicker.svg'\/><\/div><div id=\"field_1_7\"  class=\"gfield gfield--width-half gfield_contains_required field_sublabel_below field_description_below hidden_label gfield_visibility_visible\"  data-js-reload=\"field_1_7\"><label class='gfield_label' for='input_1_7' >Tel\u00e9fono<span class=\"gfield_required\"><span class=\"gfield_required gfield_required_asterisk\">*<\/span><\/span><\/label><div class='ginput_container ginput_container_text'><input name='input_7' id='input_1_7' type='text' value='' class='large'    placeholder='Tel\u00e9fono' aria-required=\"true\" aria-invalid=\"false\"   \/> <\/div><\/div><div id=\"field_1_8\"  class=\"gfield gfield--width-full gfield_contains_required field_sublabel_below field_description_below hidden_label gfield_visibility_visible\"  data-js-reload=\"field_1_8\"><label class='gfield_label' for='input_1_8' >Email<span class=\"gfield_required\"><span class=\"gfield_required gfield_required_asterisk\">*<\/span><\/span><\/label><div class='ginput_container ginput_container_email'>\n                            <input name='input_8' id='input_1_8' type='email' value='' class='large'   placeholder='Email' aria-required=\"true\" aria-invalid=\"false\"  \/>\n                        <\/div><\/div><div id=\"field_1_20\"  class=\"gfield gsection field_sublabel_below field_description_below gfield_visibility_visible\"  data-js-reload=\"field_1_20\"><h3 class=\"gsection_title\">Foto personal<\/h3><\/div><div id=\"field_1_19\"  class=\"gfield gfield--width-full gfield_contains_required field_sublabel_below field_description_below hidden_label gfield_visibility_visible\"  data-js-reload=\"field_1_19\"><label class='gfield_label' for='input_1_19' >Foto<span class=\"gfield_required\"><span class=\"gfield_required gfield_required_asterisk\">*<\/span><\/span><\/label><div class='ginput_container ginput_container_fileupload'><input type='hidden' name='MAX_FILE_SIZE' value='6291456' \/><input name='input_19' id='input_1_19' type='file' class='large' aria-describedby=\"gfield_upload_rules_1_19\" onchange='javascript:gformValidateFileSize( this, 6291456 );'  \/><span class='gform_fileupload_rules' id='gfield_upload_rules_1_19'>Accepted file types: jpg, jpeg, png, Max. file size: 6 MB.<\/span><div class='validation_message validation_message--hidden-on-empty' id='live_validation_message_1_19'><\/div><\/div><\/div><div id=\"field_1_11\"  class=\"gfield gfield--width-full gfield_html gfield_html_formatted gfield_no_follows_desc field_sublabel_below field_description_below gfield_visibility_visible\"  data-js-reload=\"field_1_11\"><p style=\"padding: 0; margin: 0; font-size: 12px\">&nbsp;<\/p><\/div><div id=\"field_1_10\"  class=\"gfield gsection field_sublabel_below field_description_below gfield_visibility_visible\"  data-js-reload=\"field_1_10\"><h3 class=\"gsection_title\">Direcci\u00f3n<\/h3><\/div><div id=\"field_1_14\"  class=\"gfield gfield--width-half gfield_contains_required field_sublabel_below field_description_below hidden_label gfield_visibility_visible\"  data-js-reload=\"field_1_14\"><label class='gfield_label' for='input_1_14' >Direcci\u00f3n<span class=\"gfield_required\"><span class=\"gfield_required gfield_required_asterisk\">*<\/span><\/span><\/label><div class='ginput_container ginput_container_text'><input name='input_14' id='input_1_14' type='text' value='' class='large'    placeholder='Direcci\u00f3n' aria-required=\"true\" aria-invalid=\"false\"   \/> <\/div><\/div><div id=\"field_1_15\"  class=\"gfield gfield--width-half gfield_contains_required field_sublabel_below field_description_below hidden_label gfield_visibility_visible\"  data-js-reload=\"field_1_15\"><label class='gfield_label' for='input_1_15' >Poblaci\u00f3n<span class=\"gfield_required\"><span class=\"gfield_required gfield_required_asterisk\">*<\/span><\/span><\/label><div class='ginput_container ginput_container_text'><input name='input_15' id='input_1_15' type='text' value='' class='large'    placeholder='Poblaci\u00f3n' aria-required=\"true\" aria-invalid=\"false\"   \/> <\/div><\/div><div id=\"field_1_16\"  class=\"gfield gfield--width-half gfield_contains_required field_sublabel_below field_description_below hidden_label gfield_visibility_visible\"  data-js-reload=\"field_1_16\"><label class='gfield_label' for='input_1_16' >Provincia<span class=\"gfield_required\"><span class=\"gfield_required gfield_required_asterisk\">*<\/span><\/span><\/label><div class='ginput_container ginput_container_text'><input name='input_16' id='input_1_16' type='text' value='' class='large'    placeholder='Provincia' aria-required=\"true\" aria-invalid=\"false\"   \/> <\/div><\/div><div id=\"field_1_17\"  class=\"gfield gfield--width-half gfield_contains_required field_sublabel_below field_description_below hidden_label gfield_visibility_visible\"  data-js-reload=\"field_1_17\"><label class='gfield_label' for='input_1_17' >C\u00f3digo postal<span class=\"gfield_required\"><span class=\"gfield_required gfield_required_asterisk\">*<\/span><\/span><\/label><div class='ginput_container ginput_container_text'><input name='input_17' id='input_1_17' type='text' value='' class='large'    placeholder='C\u00f3digo postal' aria-required=\"true\" aria-invalid=\"false\"   \/> <\/div><\/div><div id=\"field_1_18\"  class=\"gfield gfield--width-full field_sublabel_below field_description_below hidden_label gfield_visibility_visible\"  data-js-reload=\"field_1_18\"><label class='gfield_label' for='input_1_18' >Observaciones<\/label><div class='ginput_container ginput_container_textarea'><textarea name='input_18' id='input_1_18' class='textarea small'    placeholder='Observaciones (Otros tel\u00e9fonos, direcciones, etc.)'  aria-invalid=\"false\"   rows='10' cols='50'><\/textarea><\/div><\/div><div id=\"field_1_21\"  class=\"gfield gfield--width-full gfield_html gfield_html_formatted gfield_no_follows_desc field_sublabel_below field_description_below gfield_visibility_visible\"  data-js-reload=\"field_1_21\"><p style=\"padding: 0; margin: 0; font-size: 12px\">&nbsp;<\/p><\/div><div id=\"field_1_22\"  class=\"gfield gsection field_sublabel_below field_description_below gfield_visibility_visible\"  data-js-reload=\"field_1_22\"><h3 class=\"gsection_title\">Formaci\u00f3n acad\u00e9mica<\/h3><\/div><div id=\"field_1_23\"  class=\"gfield gfield--width-full gfield_contains_required field_sublabel_below field_description_below hidden_label gfield_visibility_visible\"  data-js-reload=\"field_1_23\"><label class='gfield_label' for='input_1_23' >Formaci\u00f3n reglada<span class=\"gfield_required\"><span class=\"gfield_required gfield_required_asterisk\">*<\/span><\/span><\/label><div class='ginput_container ginput_container_textarea'><textarea name='input_23' id='input_1_23' class='textarea small'    placeholder='Formaci\u00f3n reglada' aria-required=\"true\" aria-invalid=\"false\"   rows='10' cols='50'><\/textarea><\/div><\/div><div id=\"field_1_24\"  class=\"gfield gfield--width-full field_sublabel_below field_description_below hidden_label gfield_visibility_visible\"  data-js-reload=\"field_1_24\"><label class='gfield_label' for='input_1_24' >Cursos<\/label><div class='ginput_container ginput_container_textarea'><textarea name='input_24' id='input_1_24' class='textarea small'    placeholder='Cursos (manipulador de alimentos, prevenci\u00f3n de riesgos, especializaci\u00f3n, otros...)'  aria-invalid=\"false\"   rows='10' cols='50'><\/textarea><\/div><\/div><div id=\"field_1_26\"  class=\"gfield gfield--width-full gfield_html gfield_html_formatted gfield_no_follows_desc field_sublabel_below field_description_below gfield_visibility_visible\"  data-js-reload=\"field_1_26\"><p style=\"padding: 0; margin: 0; font-size: 12px\">&nbsp;<\/p><\/div><div id=\"field_1_27\"  class=\"gfield gsection field_sublabel_below field_description_below gfield_visibility_visible\"  data-js-reload=\"field_1_27\"><h3 class=\"gsection_title\">Otros datos de inter\u00e9s<\/h3><\/div><div id=\"field_1_25\"  class=\"gfield gfield--width-full field_sublabel_below field_description_below hidden_label gfield_visibility_visible\"  data-js-reload=\"field_1_25\"><label class='gfield_label' for='input_1_25' >Experiencia<\/label><div class='ginput_container ginput_container_textarea'><textarea name='input_25' id='input_1_25' class='textarea small'    placeholder='Experiencia'  aria-invalid=\"false\"   rows='10' cols='50'><\/textarea><\/div><\/div><fieldset id=\"field_1_28\"  class=\"gfield gfield--width-full gfield_contains_required field_sublabel_below field_description_below gfield_visibility_visible\"  data-js-reload=\"field_1_28\"><legend class='gfield_label'  >\u00bfHa trabajado anteriormente en la empresa?<span class=\"gfield_required\"><span class=\"gfield_required gfield_required_asterisk\">*<\/span><\/span><\/legend><div class='ginput_container ginput_container_radio'><div class='gfield_radio' id='input_1_28'>\n\t\t\t<div class='gchoice gchoice_1_28_0'>\n\t\t\t\t\t<input class='gfield-choice-input' name='input_28' type='radio' value='No'  id='choice_1_28_0' onchange='gformToggleRadioOther( this )'    \/>\n\t\t\t\t\t<label for='choice_1_28_0' id='label_1_28_0'>No<\/label>\n\t\t\t<\/div>\n\t\t\t<div class='gchoice gchoice_1_28_1'>\n\t\t\t\t\t<input class='gfield-choice-input' name='input_28' type='radio' value='S\u00ed'  id='choice_1_28_1' onchange='gformToggleRadioOther( this )'    \/>\n\t\t\t\t\t<label for='choice_1_28_1' id='label_1_28_1'>S\u00ed<\/label>\n\t\t\t<\/div><\/div><\/div><\/fieldset><div id=\"field_1_30\"  class=\"gfield gfield--width-full gfield_html gfield_html_formatted gfield_no_follows_desc field_sublabel_below field_description_below gfield_visibility_visible\"  data-js-reload=\"field_1_30\"><p style=\"font-size:12px\">INDASOL, S.A.T. est\u00e1 comprometida con garantizar la igualdad de trato y oportunidades entre mujeres y hombres, as\u00ed como la eliminaci\u00f3n de situaciones discriminatorias por raz\u00f3n de sexo. Todas aquellas personas interesadas pueden acceder al Plan de Igualdad de la empresa.<\/p>\n\n<p style=\"font-size:12px\"><strong>Protecci\u00f3n de datos:<\/strong><br \/>\nDe conformidad con las normativas de protecci\u00f3n de datos, le facilitamos la siguiente informaci\u00f3n del tratamiento:<br \/>\n<strong>Responsable:<\/strong> Indasol, S.A.T. 9404<br \/>\n<strong>Fines del tratamiento:<\/strong> mantener una relaci\u00f3n comercial y enviar comunicaciones de\nproductos o servicios.<br \/>\n<strong>Derechos que le asisten:<\/strong> acceso, rectificaci\u00f3n, portabilidad, supresi\u00f3n, limitaci\u00f3n y\noposici\u00f3n.<br \/>\nM\u00e1s informaci\u00f3n del tratamiento en la <a href=\"https:\/\/www.indasol.es\/en\/politica-de-privacidad\/\" target=\"_blank\">Pol\u00edtica de privacidad<\/a>.<\/p><\/div><fieldset id=\"field_1_31\"  class=\"gfield gfield--width-full gfield_contains_required field_sublabel_below field_description_below hidden_label gfield_visibility_visible\"  data-js-reload=\"field_1_31\"><legend class='gfield_label gfield_label_before_complex'  >Privacidad<span class=\"gfield_required\"><span class=\"gfield_required gfield_required_asterisk\">*<\/span><\/span><\/legend><div class='ginput_container ginput_container_checkbox'><div class='gfield_checkbox' id='input_1_31'><div class='gchoice gchoice_1_31_1'>\n\t\t\t\t\t\t\t\t<input class='gfield-choice-input' name='input_31.1' type='checkbox'  value='Acepto el tratamiento de mis datos para el env\u00edo de comunicaciones de productos o servicios.'  id='choice_1_31_1'   \/>\n\t\t\t\t\t\t\t\t<label for='choice_1_31_1' id='label_1_31_1'>Acepto el tratamiento de mis datos para el env\u00edo de comunicaciones de productos o servicios.<\/label>\n\t\t\t\t\t\t\t<\/div><\/div><\/div><\/fieldset><\/div><\/div>\n        <div class='gform_footer top_label'> <input type='submit' id='gform_submit_button_1' class='gform_button button' value='Enviar CV'  onclick='if(window[\"gf_submitting_1\"]){return false;}  if( !jQuery(\"#gform_1\")[0].checkValidity || jQuery(\"#gform_1\")[0].checkValidity()){window[\"gf_submitting_1\"]=true;}  ' onkeypress='if( event.keyCode == 13 ){ if(window[\"gf_submitting_1\"]){return false;} if( !jQuery(\"#gform_1\")[0].checkValidity || jQuery(\"#gform_1\")[0].checkValidity()){window[\"gf_submitting_1\"]=true;}  jQuery(\"#gform_1\").trigger(\"submit\",[true]); }' \/> \n            <input type='hidden' class='gform_hidden' name='is_submit_1' value='1' \/>\n            <input type='hidden' class='gform_hidden' name='gform_submit' value='1' \/>\n            \n            <input type='hidden' class='gform_hidden' name='gform_unique_id' value='' \/>\n            <input type='hidden' class='gform_hidden' name='state_1' value='WyJ7XCIyOFwiOltcIjc2MmUwM2JjNjViMmY5ZDc0YzczOTM1MGRlMjFiYWE5XCIsXCI1MzI3NmYwZWFjYjhkNTQ1ZTUyMGJiYzQwODk0NmRhN1wiXX0iLCIxNGJhMzQ5NjBjZjcyNTM5YmVlMWY4NWUzZjVmMmZhMiJd' \/>\n            <input type='hidden' class='gform_hidden' name='gform_target_page_number_1' id='gform_target_page_number_1' value='0' \/>\n            <input type='hidden' class='gform_hidden' name='gform_source_page_number_1' id='gform_source_page_number_1' value='1' \/>\n            <input type='hidden' name='gform_field_values' value='' \/>\n            \n        <\/div>\n                        <input type=\"hidden\" name=\"trp-form-language\" value=\"en\"\/><\/form>\n                        <\/div><\/div>\n\t\t\t\t<\/div>\n\t\t\t\t<\/div>\n\t\t\t\t\t<\/div>\n\t\t<\/div>\n\t\t\t\t\t\t\t<\/div>\n\t\t<\/section>\n\t\t\t\t\t<\/div>\n\t\t<\/div>\n\t\t\t\t<div class=\"elementor-column elementor-col-50 elementor-top-column elementor-element elementor-element-04edbe7\" data-id=\"04edbe7\" data-element_type=\"column\" data-settings=\"{&quot;background_background&quot;:&quot;classic&quot;}\">\n\t\t\t<div class=\"elementor-widget-wrap elementor-element-populated\">\n\t\t\t\t\t\t\t\t<div class=\"jupiter-tooltip-widget elementor-element elementor-element-62c5327 elementor-widget elementor-widget-spacer\" data-jupiter-tooltip-settings=\"{&quot;tooltip&quot;:&quot;false&quot;,&quot;tooltipDescription&quot;:&quot;This is Tooltip!&quot;,&quot;tooltipPlacement&quot;:&quot;top&quot;,&quot;tooltipArrow&quot;:true,&quot;xOffset&quot;:0,&quot;yOffset&quot;:0,&quot;tooltipAnimation&quot;:&quot;fade&quot;,&quot;tooltipTrigger&quot;:&quot;mouseenter&quot;,&quot;zIndex&quot;:999,&quot;customSelector&quot;:&quot;&quot;,&quot;delay&quot;:0}\" data-id=\"62c5327\" data-element_type=\"widget\" data-widget_type=\"spacer.default\">\n\t\t\t\t<div class=\"elementor-widget-container\">\n\t\t\t<style>\/*! elementor - v3.6.7 - 03-07-2022 *\/\n.e-container.e-container--row .elementor-spacer-inner{width:var(--spacer-size)}.e-container.e-container--column .elementor-spacer-inner,.elementor-column .elementor-spacer-inner{height:var(--spacer-size)}<\/style>\t\t<div class=\"elementor-spacer\">\n\t\t\t<div class=\"elementor-spacer-inner\"><\/div>\n\t\t<\/div>\n\t\t\t\t<\/div>\n\t\t\t\t<\/div>\n\t\t\t\t\t<\/div>\n\t\t<\/div>\n\t\t\t\t\t\t\t<\/div>\n\t\t<\/section>\n\t\t\t\t\t\t\t<\/div>","protected":false},"excerpt":{"rendered":"<p>Work with us<\/p>","protected":false},"author":1,"featured_media":0,"parent":0,"menu_order":0,"comment_status":"closed","ping_status":"closed","template":"elementor_header_footer","meta":{"footnotes":""},"class_list":["post-549","page","type-page","status-publish","hentry"],"_links":{"self":[{"href":"https:\/\/www.indasol.es\/en\/wp-json\/wp\/v2\/pages\/549","targetHints":{"allow":["GET"]}}],"collection":[{"href":"https:\/\/www.indasol.es\/en\/wp-json\/wp\/v2\/pages"}],"about":[{"href":"https:\/\/www.indasol.es\/en\/wp-json\/wp\/v2\/types\/page"}],"author":[{"embeddable":true,"href":"https:\/\/www.indasol.es\/en\/wp-json\/wp\/v2\/users\/1"}],"replies":[{"embeddable":true,"href":"https:\/\/www.indasol.es\/en\/wp-json\/wp\/v2\/comments?post=549"}],"version-history":[{"count":40,"href":"https:\/\/www.indasol.es\/en\/wp-json\/wp\/v2\/pages\/549\/revisions"}],"predecessor-version":[{"id":645,"href":"https:\/\/www.indasol.es\/en\/wp-json\/wp\/v2\/pages\/549\/revisions\/645"}],"wp:attachment":[{"href":"https:\/\/www.indasol.es\/en\/wp-json\/wp\/v2\/media?parent=549"}],"curies":[{"name":"wp","href":"https:\/\/api.w.org\/{rel}","templated":true}]}}